{"id":421,"date":"2019-05-27T15:52:02","date_gmt":"2019-05-27T13:52:02","guid":{"rendered":"https:\/\/www.osatoki.es\/?page_id=421"},"modified":"2019-05-27T15:52:02","modified_gmt":"2019-05-27T13:52:02","slug":"lege-oharra","status":"publish","type":"page","link":"https:\/\/www.osatoki.es\/eu\/lege-oharra\/","title":{"rendered":"Lege Oharra"},"content":{"rendered":"<h1><b>Lege Oharra<\/b><\/h1>\n<h3><b>1. Informaci\u00f3n legal<\/b><\/h3>\n<p>Las presentes disposiciones regulan el uso del servicio de la presente web de Internet (en adelante, la \u201cWeb\u201d) que\u00a0<strong>Osatoki Salud, S.L. (en adelante Osatoki Salud, S.L.)<\/strong>\u00a0pone a disposici\u00f3n de sus usuarios.<\/p>\n<p>Entidad:\u00a0<strong>Osatoki Salud, S.L.<\/strong><br \/>\nCIF:\u00a0<strong>B95957171<\/strong><br \/>\nDirecci\u00f3n:\u00a0<strong>C\/ Elizalde n\u00ba2 5\u00baDch, Bilbao, 48006<\/strong><br \/>\nEmail:\u00a0<strong>info@osatoki.es<\/strong><br \/>\nTlf.\u00a0<strong>662924933<\/strong><\/p>\n<p>La utilizaci\u00f3n la Web atribuye la condici\u00f3n de usuario de la Web (en adelante, el \u201cUsuario\u201d) e implica la aceptaci\u00f3n de todas las condiciones incluidas en este Aviso Legal. La prestaci\u00f3n del servicio de la Web tiene una duraci\u00f3n limitada al momento en el que el Usuario se encuentre conectado a la misma. Por tanto, el Usuario debe leer atentamente el presente Aviso Legal en cada una de las ocasiones en que se proponga utilizar la Web, ya que \u00e9ste y sus condiciones de uso recogidas en el presente Aviso Legal pueden sufrir modificaciones.<\/p>\n<h3><b>2. Derechos de propiedad intelectual e industrial<\/b><\/h3>\n<p>Todos los contenidos de esta Web, entendiendo por estos a t\u00edtulo meramente enunciativo los textos, fotos, gr\u00e1ficos, im\u00e1genes, iconos, links y cualquiera otros contenidos audiovisuales o sonoros, as\u00ed como su dise\u00f1o gr\u00e1fico y c\u00f3digos fuente (en adelante, los \u201cContenidos\u201d), son propiedad intelectual de <strong><\/strong> o de terceros, sin que puedan entenderse cedidos al Usuario ninguno de los derechos de explotaci\u00f3n sobre los mismos m\u00e1s all\u00e1 de lo estrictamente necesario para el correcto uso de la Web.<\/p>\n<p>Las marcas, nombres comerciales o signos distintivos son titularidad de <strong><\/strong> o terceros, sin que pueda entenderse que el acceso a la Web atribuya ning\u00fan derecho sobre las citadas marcas, nombres comerciales y\/o signos distintivos.<\/p>\n<h3><b>3. Condiciones de uso de la Web<\/b><\/h3>\n<h4><b>A.- Sobre el Uso<\/b><\/h4>\n<p>El Usuario se obliga a hacer un uso correcto de la Web de conformidad con la Ley y el presente Aviso Legal. El Usuario responder\u00e1 frente a <strong><\/strong> o frente a terceros, de cualesquiera da\u00f1os y perjuicios que pudieran causarse como consecuencia del incumplimiento de dicha obligaci\u00f3n.<\/p>\n<p>Queda expresamente prohibido el uso de la Web con fines lesivos de bienes o intereses de <strong><\/strong>\u00a0o de terceros o que de cualquier otra forma sobrecarguen, da\u00f1en o inutilicen las redes, servidores y dem\u00e1s equipos inform\u00e1ticos (hardware) o productos y aplicaciones inform\u00e1ticas (software) de\u00a0<strong><\/strong>\u00a0o de terceros.<\/p>\n<h4><b>B.- Sobre los Contenidos<\/b><\/h4>\n<p>El Usuario se compromete a utilizar los Contenidos de conformidad con la Ley y el presente Aviso Legal, as\u00ed como con las dem\u00e1s condiciones, reglamentos e instrucciones que en su caso pudieran ser de aplicaci\u00f3n de conformidad con lo dispuesto en el apartado 1.<\/p>\n<p><strong>\u00a0<\/strong>Con car\u00e1cter meramente enunciativo, el Usuario de acuerdo con la legislaci\u00f3n vigente deber\u00e1 abstenerse de:<\/p>\n<ul>\n<li>Reproducir, copiar, distribuir, poner a disposici\u00f3n, comunicar p\u00fablicamente, transformar o modificar los contenidos salvo en los casos autorizados en la ley o expresamente consentidos por <strong><\/strong>\u00a0o por quien ostente la titularidad de los derechos de explotaci\u00f3n en su caso.<\/li>\n<li>Reproducir o copiar para uso privado los contenidos que puedan ser considerados como software o base de datos de conformidad con la legislaci\u00f3n vigente en materia de propiedad intelectual, as\u00ed como su comunicaci\u00f3n p\u00fablica o puesta a disposici\u00f3n de terceros cuando estos actos impliquen necesariamente la reproducci\u00f3n por parte del Usuario o de un tercero.<\/li>\n<li>Extraer y\/o reutilizar la totalidad o una parte sustancial de los contenidos integrantes de la web as\u00ed como de las bases de datos que <strong><\/strong>\u00a0ponga a disposici\u00f3n de los Usuarios.<\/li>\n<\/ul>\n<h4><b>C.- Sobre el formulario de recogida de datos<\/b><\/h4>\n<p>Toda la informaci\u00f3n que facilite el Usuario a trav\u00e9s de los formularios de la Web a los efectos anteriores o cualesquiera otros deber\u00e1 ser cierta. A estos efectos, el Usuario garantiza la autenticidad de todos aquellos datos que comunique y mantendr\u00e1 la informaci\u00f3n facilitada a <strong><\/strong>\u00a0perfectamente actualizada de forma que responda, en todo momento, a la situaci\u00f3n real del Usuario. En todo caso ser\u00e1 el Usuario el \u00fanico responsable de las manifestaciones falsas o inexactas que realice y de los perjuicios que cause a \u00a0<strong><\/strong> o a terceros por la informaci\u00f3n que facilite.<\/p>\n<h3><b>4. Exclusi\u00f3n de responsabilidad<\/b><\/h3>\n<h4><b>A.- De los servicios.<\/b><\/h4>\n<p>El acceso a la Web no implica la obligaci\u00f3n por parte de \u00a0<strong><\/strong>\u00a0de controlar la ausencia de virus o cualquiera otro programa o sistema da\u00f1ino; correspondiendo al Usuario la disponibilidad de herramientas adecuadas para la detecci\u00f3n y desinfecci\u00f3n de programas inform\u00e1ticos da\u00f1inos.<\/p>\n<p><strong><\/strong>\u00a0no se responsabiliza de los da\u00f1os producidos en los equipos inform\u00e1ticos de los Usuarios o de terceros durante la prestaci\u00f3n del servicio de la Web.<\/p>\n<h4><b>B.- De la disponibilidad de la Web.<\/b><\/h4>\n<p>El acceso a la Web requiere de servicios y suministros de terceros, incluidos el transporte a trav\u00e9s de redes de telecomunicaciones cuya fiabilidad, calidad, continuidad y funcionamiento no corresponde a <strong><\/strong>. Por consiguiente, los servicios prove\u00eddos a trav\u00e9s de la Web pueden ser suspendidos, cancelados o resultar inaccesibles para los Usuarios.<\/p>\n<p><strong><\/strong>\u00a0no se responsabiliza de los da\u00f1os o perjuicios de cualquier tipo producidos al Usuario que traigan causa de fallos o desconexiones en las redes de telecomunicaciones que produzcan la suspensi\u00f3n, cancelaci\u00f3n o interrupci\u00f3n del servicio de la Web durante la prestaci\u00f3n del mismo o con car\u00e1cter previo.<\/p>\n<ol>\n<li><b>&#8211; Comentarios y debates<\/b><\/li>\n<\/ol>\n<p> no asume responsabilidad alguna derivada, de las comunicaciones o di\u00e1logos en el transcurso de los debates, foros, chats y comunidades virtuales que se organicen a trav\u00e9s de o entorno a la Web y\/o webs de enlace, ni responder\u00e1, por tanto, de los eventuales da\u00f1os y prejuicios que sufran los Clientes o Usuarios particulares y\/o colectivos a consecuencia de dichas comunicaciones y\/o di\u00e1logos.<\/p>\n<h3><b>5. Protecci\u00f3n de datos de car\u00e1cter personal<\/b><\/h3>\n<p>En los casos en los que el usuario proporcione a la Empresa ciertos datos de car\u00e1cter personal que la empresa podr\u00e1 administrar automatizadamente o no, el titular de los datos autoriza expresamente a <strong><\/strong>\u00a0a tratar inform\u00e1ticamente los datos personales suscritos y a incorporarlos en su base de datos.<\/p>\n<p>El titular tendr\u00e1 derecho a oponerse, acceder, rectificar y cancelar cuantos datos personales suyos existan almacenados en las bases de datos de\u00a0<strong><\/strong>.<\/p>\n<p>Dichos derechos podr\u00e1n ser ejercitados a trav\u00e9s de cualquier medio de comunicaci\u00f3n con \u00a0<strong><\/strong>.<\/p>\n<p>Asimismo, autoriza a <strong><\/strong>\u00a0a ceder los datos personales suscritos a terceras empresas cuya intervenci\u00f3n sea necesaria para satisfacer las necesidades anteriormente mencionadas.<\/p>\n<p>Los datos personales est\u00e1n totalmente protegidos seg\u00fan la Ley Org\u00e1nica 15\/1999 de 13 de diciembre de Protecci\u00f3n de datos de car\u00e1cter personal.<\/p>\n<p>En los formularios de recogida de datos, los campos se\u00f1alados con asterisco son obligatorios por lo que en caso de que el Usuario no facilite los datos correspondientes, <strong><\/strong>\u00a0podr\u00e1 a su sola discreci\u00f3n denegar el correspondiente servicio.<\/p>\n<p>Pulsando el bot\u00f3n de \u201cenviar\u201d del correspondiente formulario, el Usuario consiente de forma expresa que sus datos podr\u00e1n ser utilizados para el env\u00edo de comunicaciones comerciales por correo electr\u00f3nico o por cualquier otro medio.<\/p>\n<h3><b>6. Legislaci\u00f3n aplicable<\/b><\/h3>\n<p>El presente Aviso Legal y sus consecuencias se regir\u00e1n en todo caso por la legislaci\u00f3n espa\u00f1ola que est\u00e9 en vigor en cada momento.<\/p>\n","protected":false},"excerpt":{"rendered":"<p>Lege Oharra 1. Informaci\u00f3n legal Las presentes disposiciones regulan el uso del servicio de la presente web de Internet (en adelante, la \u201cWeb\u201d) que\u00a0Osatoki Salud, S.L. (en adelante Osatoki Salud, S.L.)\u00a0pone a disposici\u00f3n de sus usuarios. Entidad:\u00a0Osatoki Salud, S.L. CIF:\u00a0B95957171 Direcci\u00f3n:\u00a0C\/ Elizalde n\u00ba2 5\u00baDch, Bilbao, 48006 Email:\u00a0info@osatoki.es Tlf.\u00a0662924933 La utilizaci\u00f3n la Web atribuye la condici\u00f3n&hellip;<\/p>\n","protected":false},"author":1,"featured_media":0,"parent":0,"menu_order":0,"comment_status":"closed","ping_status":"closed","template":"","meta":[],"yoast_head":"<!-- This site is optimized with the Yoast SEO plugin v22.6 - https:\/\/yoast.com\/wordpress\/plugins\/seo\/ -->\n<title>Lege Oharra - Osatoki<\/title>\n<meta name=\"robots\" content=\"index, follow, max-snippet:-1, max-image-preview:large, max-video-preview:-1\" \/>\n<link rel=\"canonical\" href=\"https:\/\/www.osatoki.es\/aviso-legal\/\" \/>\n<meta property=\"og:locale\" content=\"eu_ES\" \/>\n<meta property=\"og:type\" content=\"article\" \/>\n<meta property=\"og:title\" content=\"Lege Oharra - Osatoki\" \/>\n<meta property=\"og:description\" content=\"Lege Oharra 1. Informaci\u00f3n legal Las presentes disposiciones regulan el uso del servicio de la presente web de Internet (en adelante, la \u201cWeb\u201d) que\u00a0Osatoki Salud, S.L. (en adelante Osatoki Salud, S.L.)\u00a0pone a disposici\u00f3n de sus usuarios. Entidad:\u00a0Osatoki Salud, S.L. CIF:\u00a0B95957171 Direcci\u00f3n:\u00a0C\/ Elizalde n\u00ba2 5\u00baDch, Bilbao, 48006 Email:\u00a0info@osatoki.es Tlf.\u00a0662924933 La utilizaci\u00f3n la Web atribuye la condici\u00f3n&hellip;\" \/>\n<meta property=\"og:url\" content=\"https:\/\/www.osatoki.es\/aviso-legal\/\" \/>\n<meta property=\"og:site_name\" content=\"Osatoki\" \/>\n<meta name=\"twitter:card\" content=\"summary_large_image\" \/>\n<meta name=\"twitter:label1\" content=\"Est. reading time\" \/>\n\t<meta name=\"twitter:data1\" content=\"6 minutes\" \/>\n<script type=\"application\/ld+json\" class=\"yoast-schema-graph\">{\"@context\":\"https:\/\/schema.org\",\"@graph\":[{\"@type\":\"WebPage\",\"@id\":\"https:\/\/www.osatoki.es\/aviso-legal\/\",\"url\":\"https:\/\/www.osatoki.es\/aviso-legal\/\",\"name\":\"Lege Oharra - Osatoki\",\"isPartOf\":{\"@id\":\"https:\/\/www.osatoki.es\/#website\"},\"datePublished\":\"2019-05-27T13:52:02+00:00\",\"dateModified\":\"2019-05-27T13:52:02+00:00\",\"breadcrumb\":{\"@id\":\"https:\/\/www.osatoki.es\/aviso-legal\/#breadcrumb\"},\"inLanguage\":\"eu-ES\",\"potentialAction\":[{\"@type\":\"ReadAction\",\"target\":[\"https:\/\/www.osatoki.es\/aviso-legal\/\"]}]},{\"@type\":\"BreadcrumbList\",\"@id\":\"https:\/\/www.osatoki.es\/aviso-legal\/#breadcrumb\",\"itemListElement\":[{\"@type\":\"ListItem\",\"position\":1,\"name\":\"Portada\",\"item\":\"https:\/\/www.osatoki.es\/\"},{\"@type\":\"ListItem\",\"position\":2,\"name\":\"Lege Oharra\"}]},{\"@type\":\"WebSite\",\"@id\":\"https:\/\/www.osatoki.es\/#website\",\"url\":\"https:\/\/www.osatoki.es\/\",\"name\":\"Osatoki\",\"description\":\"Trabajamos para educar en salud\",\"potentialAction\":[{\"@type\":\"SearchAction\",\"target\":{\"@type\":\"EntryPoint\",\"urlTemplate\":\"https:\/\/www.osatoki.es\/?s={search_term_string}\"},\"query-input\":\"required name=search_term_string\"}],\"inLanguage\":\"eu-ES\"}]}<\/script>\n<!-- \/ Yoast SEO plugin. -->","yoast_head_json":{"title":"Lege Oharra - Osatoki","robots":{"index":"index","follow":"follow","max-snippet":"max-snippet:-1","max-image-preview":"max-image-preview:large","max-video-preview":"max-video-preview:-1"},"canonical":"https:\/\/www.osatoki.es\/aviso-legal\/","og_locale":"eu_ES","og_type":"article","og_title":"Lege Oharra - Osatoki","og_description":"Lege Oharra 1. Informaci\u00f3n legal Las presentes disposiciones regulan el uso del servicio de la presente web de Internet (en adelante, la \u201cWeb\u201d) que\u00a0Osatoki Salud, S.L. (en adelante Osatoki Salud, S.L.)\u00a0pone a disposici\u00f3n de sus usuarios. Entidad:\u00a0Osatoki Salud, S.L. CIF:\u00a0B95957171 Direcci\u00f3n:\u00a0C\/ Elizalde n\u00ba2 5\u00baDch, Bilbao, 48006 Email:\u00a0info@osatoki.es Tlf.\u00a0662924933 La utilizaci\u00f3n la Web atribuye la condici\u00f3n&hellip;","og_url":"https:\/\/www.osatoki.es\/aviso-legal\/","og_site_name":"Osatoki","twitter_card":"summary_large_image","twitter_misc":{"Est. reading time":"6 minutes"},"schema":{"@context":"https:\/\/schema.org","@graph":[{"@type":"WebPage","@id":"https:\/\/www.osatoki.es\/aviso-legal\/","url":"https:\/\/www.osatoki.es\/aviso-legal\/","name":"Lege Oharra - Osatoki","isPartOf":{"@id":"https:\/\/www.osatoki.es\/#website"},"datePublished":"2019-05-27T13:52:02+00:00","dateModified":"2019-05-27T13:52:02+00:00","breadcrumb":{"@id":"https:\/\/www.osatoki.es\/aviso-legal\/#breadcrumb"},"inLanguage":"eu-ES","potentialAction":[{"@type":"ReadAction","target":["https:\/\/www.osatoki.es\/aviso-legal\/"]}]},{"@type":"BreadcrumbList","@id":"https:\/\/www.osatoki.es\/aviso-legal\/#breadcrumb","itemListElement":[{"@type":"ListItem","position":1,"name":"Portada","item":"https:\/\/www.osatoki.es\/"},{"@type":"ListItem","position":2,"name":"Lege Oharra"}]},{"@type":"WebSite","@id":"https:\/\/www.osatoki.es\/#website","url":"https:\/\/www.osatoki.es\/","name":"Osatoki","description":"Trabajamos para educar en salud","potentialAction":[{"@type":"SearchAction","target":{"@type":"EntryPoint","urlTemplate":"https:\/\/www.osatoki.es\/?s={search_term_string}"},"query-input":"required name=search_term_string"}],"inLanguage":"eu-ES"}]}},"_links":{"self":[{"href":"https:\/\/www.osatoki.es\/eu\/wp-json\/wp\/v2\/pages\/421"}],"collection":[{"href":"https:\/\/www.osatoki.es\/eu\/wp-json\/wp\/v2\/pages"}],"about":[{"href":"https:\/\/www.osatoki.es\/eu\/wp-json\/wp\/v2\/types\/page"}],"author":[{"embeddable":true,"href":"https:\/\/www.osatoki.es\/eu\/wp-json\/wp\/v2\/users\/1"}],"replies":[{"embeddable":true,"href":"https:\/\/www.osatoki.es\/eu\/wp-json\/wp\/v2\/comments?post=421"}],"version-history":[{"count":3,"href":"https:\/\/www.osatoki.es\/eu\/wp-json\/wp\/v2\/pages\/421\/revisions"}],"predecessor-version":[{"id":424,"href":"https:\/\/www.osatoki.es\/eu\/wp-json\/wp\/v2\/pages\/421\/revisions\/424"}],"wp:attachment":[{"href":"https:\/\/www.osatoki.es\/eu\/wp-json\/wp\/v2\/media?parent=421"}],"curies":[{"name":"wp","href":"https:\/\/api.w.org\/{rel}","templated":true}]}}