{"id":371,"date":"2019-05-25T16:53:26","date_gmt":"2019-05-25T14:53:26","guid":{"rendered":"https:\/\/www.osatoki.es\/?page_id=371"},"modified":"2019-05-25T16:53:26","modified_gmt":"2019-05-25T14:53:26","slug":"politica-de-cookies","status":"publish","type":"page","link":"https:\/\/www.osatoki.es\/eu\/politica-de-cookies\/","title":{"rendered":"Pol\u00edtica de Cookies"},"content":{"rendered":"<h1><b>Pol\u00edtica de cookies<\/b><\/h1>\n<p>Una <i>cookie<\/i> es un peque\u00f1o fichero de texto que se almacena en su navegador cuando visita casi cualquier p\u00e1gina web. Su utilidad es que la web sea capaz de recordar su visita cuando vuelva a navegar por esa p\u00e1gina. Las <i>cookies<\/i> suelen almacenar informaci\u00f3n de car\u00e1cter t\u00e9cnico, preferencias personales, personalizaci\u00f3n de contenidos, estad\u00edsticas de uso, enlaces a redes sociales, acceso a cuentas de usuario, etc. El objetivo de la <i>cookie<\/i> es adaptar el contenido de la web a su perfil y necesidades, sin <i>cookies<\/i> los servicios ofrecidos por cualquier p\u00e1gina se ver\u00edan mermados notablemente.<\/p>\n<h3><b>\u00bfQu\u00e9 no es una cookie?<\/b><\/h3>\n<p>No es un virus, ni un troyano, ni un gusano, ni spam, ni spyware, ni abre ventanas pop-up.<\/p>\n<h3><b>\u00bfQu\u00e9 informaci\u00f3n almacena una <\/b><b><i>cookie<\/i><\/b><b>?<\/b><\/h3>\n<p>Las <i>cookies<\/i> no suelen almacenar informaci\u00f3n sensible sobre usted, como tarjetas de cr\u00e9dito o datos bancarios, fotograf\u00edas, su DNI o informaci\u00f3n personal, etc. Los datos que guardan son de car\u00e1cter t\u00e9cnico, preferencias personales, personalizaci\u00f3n de contenidos, etc.<\/p>\n<p><strong>El servidor web no le asocia a usted como persona sino a su navegador web. De hecho, si usted navega habitualmente con Internet Explorer y prueba a navegar por la misma web con Firefox o Chrome ver\u00e1 que la web no se da cuenta que es usted la misma persona porque en realidad est\u00e1 asociando al navegador, no a la persona.<\/strong><\/p>\n<h3><b>\u00bfQu\u00e9 tipo de <\/b><b><i>cookies<\/i><\/b><b> existen?<\/b><\/h3>\n<ul>\n<li><i>Cookies<\/i> t\u00e9cnicas: Son las m\u00e1s elementales y permiten, entre otras cosas, saber cu\u00e1ndo est\u00e1 navegando un humano o una aplicaci\u00f3n automatizada, cuando navega un usuario an\u00f3nimo y uno registrado, tareas b\u00e1sicas para el funcionamiento de cualquier web din\u00e1mica.<\/li>\n<li><i>Cookies<\/i> de an\u00e1lisis: Recogen informaci\u00f3n sobre el tipo de navegaci\u00f3n que est\u00e1 realizando, las secciones que m\u00e1s utiliza, productos consultados, franja horaria de uso, idioma, etc.<\/li>\n<\/ul>\n<p><strong><i>Cookies<\/i> publicitarias: Muestran publicidad en funci\u00f3n de su navegaci\u00f3n, su pa\u00eds de procedencia, idioma, etc.<\/strong><\/p>\n<h3><b>\u00bfQu\u00e9 son las <\/b><b><i>cookies<\/i><\/b><b> propias y las de terceros?<\/b><\/h3>\n<p><strong>Las <i>cookies propias<\/i> son las generadas por la p\u00e1gina que est\u00e1 visitando y las <i>de terceros<\/i> son las generadas por servicios o proveedores externos como Facebook, Twitter, Google, etc.<\/strong><\/p>\n<h3><b>\u00bfQu\u00e9 ocurre si desactivo las <\/b><b><i>cookies<\/i><\/b><b>?<\/b><\/h3>\n<p>Para que entienda el alcance que puede tener desactivar las <i>cookies<\/i> le mostramos unos ejemplos:<\/p>\n<ul>\n<li>No podr\u00e1 compartir contenidos de esa web en Facebook, Twitter o cualquier otra red social.<\/li>\n<li>El sitio web no podr\u00e1 adaptar los contenidos a sus preferencias personales, como suele ocurrir en las tiendas online.<\/li>\n<li>No podr\u00e1 acceder al \u00e1rea personal de esa web, como por ejemplo <i>Mi cuenta<\/i>, o <i>Mi perfil<\/i> o <i>Mis pedidos<\/i>.<\/li>\n<li>Tiendas online: Le ser\u00e1 imposible realizar compras online, tendr\u00e1n que ser telef\u00f3nicas o visitando la tienda f\u00edsica si es que dispone de ella.<\/li>\n<li>No ser\u00e1 posible personalizar sus preferencias geogr\u00e1ficas como franja horaria, divisa o idioma.<\/li>\n<li>El sitio web no podr\u00e1 realizar anal\u00edticas web sobre visitantes y tr\u00e1fico en la web, lo que dificultar\u00e1 que la web sea competitiva.<\/li>\n<li>No podr\u00e1 escribir en el blog, no podr\u00e1 subir fotos, publicar comentarios, valorar o puntuar contenidos. La web tampoco podr\u00e1 saber si usted es un humano o una aplicaci\u00f3n automatizada que publica <i>spam<\/i>.<\/li>\n<li>No se podr\u00e1 mostrar publicidad sectorizada, lo que reducir\u00e1 los ingresos publicitarios de la web.<\/li>\n<li>Todas las redes sociales usan <i>cookies<\/i>, si las desactiva no podr\u00e1 utilizar ninguna red social.<\/li>\n<\/ul>\n<h3><b>\u00bfSe pueden eliminar las <\/b><b><i>cookies<\/i><\/b><b>?<\/b><\/h3>\n<p>S\u00ed. \u00a0No s\u00f3lo eliminar, tambi\u00e9n bloquear, de forma general o particular para un dominio espec\u00edfico.<\/p>\n<p><strong>Para eliminar las <i>cookies<\/i> de un sitio web debe ir a la configuraci\u00f3n de su navegador y all\u00ed podr\u00e1 buscar las asociadas al dominio en cuesti\u00f3n y proceder a su eliminaci\u00f3n.<\/strong><\/p>\n<h3><b>Cookies utilizadas en este sitio web<\/b><\/h3>\n<p>Siguiendo las directrices de la Agencia Espa\u00f1ola de Protecci\u00f3n de Datos procedemos a detallar el uso de <i>cookies<\/i> que hace esta web con el fin de informarle con la m\u00e1xima exactitud posible.<\/p>\n<p>Este sitio web utiliza las siguientes <b>cookies propias<\/b>:<\/p>\n<ul>\n<li>Cookies de sesi\u00f3n, para garantizar que los usuarios que escriban comentarios en el blog sean humanos y no aplicaciones automatizadas. De esta forma se combate el <i>spam<\/i>.<\/li>\n<\/ul>\n<p>Este sitio web utiliza las siguientes <b>cookies de terceros<\/b>:<\/p>\n<ul>\n<li>Google Analytics: Almacena <i>cookies<\/i> para poder elaborar estad\u00edsticas sobre el tr\u00e1fico y volumen de visitas de esta web. Al utilizar este sitio web est\u00e1 consintiendo el tratamiento de informaci\u00f3n acerca de usted por Google. Por tanto, el ejercicio de cualquier derecho en este sentido deber\u00e1 hacerlo comunicando directamente con Google.<\/li>\n<li>Redes sociales: Cada red social utiliza sus propias <i>cookies<\/i> para que usted pueda pinchar en botones del tipo <i>Me gusta<\/i> o <i>Compartir<\/i>.<\/li>\n<\/ul>\n<h3><b>Desactivaci\u00f3n o eliminaci\u00f3n de cookies<\/b><\/h3>\n<p>En cualquier momento podr\u00e1 ejercer su derecho de desactivaci\u00f3n o eliminaci\u00f3n de cookies de este sitio web. Estas acciones se realizan de forma diferente en funci\u00f3n del navegador que est\u00e9 usando. Aqu\u00ed le dejamos una gu\u00eda r\u00e1pida para los navegadores m\u00e1s populares. <b>(enlazar con m\u00e1s informaci\u00f3n sobre las cookies\u201d)<\/b><\/p>\n<h3><b>Configuraci\u00f3n de <\/b><b><i>cookies<\/i><\/b><b> para los navegadores m\u00e1s populares<\/b><\/h3>\n<p>A continuaci\u00f3n le indicamos c\u00f3mo acceder a una <i>cookie<\/i> determinada del navegador <b>Chrome<\/b>. Nota: estos pasos pueden variar en funci\u00f3n de la versi\u00f3n del navegador:<\/p>\n<ol>\n<li>Vaya a Configuraci\u00f3n o Preferencias mediante el men\u00fa Archivo o bien pinchando el icono de personalizaci\u00f3n que aparece arriba a la derecha.<\/li>\n<li>Ver\u00e1 diferentes secciones, pinche la opci\u00f3n <i>Mostrar opciones avanzadas<\/i>.<\/li>\n<li>Vaya a <i>Privacidad<\/i>, <i>Configuraci\u00f3n de contenido<\/i>.<\/li>\n<li>Seleccione <i>Todas las cookies y los datos de sitios<\/i>.<\/li>\n<li>Aparecer\u00e1 un listado con todas las <i>cookies<\/i> ordenadas por dominio. Para que le sea m\u00e1s f\u00e1cil encontrar las <i>cookies<\/i> de un determinado dominio introduzca parcial o totalmente la direcci\u00f3n en el campo <i>Buscar cookies<\/i>.<\/li>\n<li>Tras realizar este filtro aparecer\u00e1n en pantalla una o varias l\u00edneas con las <i>cookies<\/i> de la web solicitada. Ahora s\u00f3lo tiene que seleccionarla y pulsar la <i>X<\/i> para proceder a su eliminaci\u00f3n.<\/li>\n<\/ol>\n<p>Para acceder a la configuraci\u00f3n de <i>cookies<\/i> del navegador <b>Internet Explorer<\/b> siga estos pasos (pueden variar en funci\u00f3n de la versi\u00f3n del navegador):<\/p>\n<ol>\n<li>Vaya a <i>Herramientas<\/i>, <i>Opciones de Internet<\/i><\/li>\n<li>Haga click en <i>Privacidad<\/i>.<\/li>\n<li>Mueva el deslizador hasta ajustar el nivel de privacidad que desee.<\/li>\n<\/ol>\n<p>Para acceder a la configuraci\u00f3n de <i>cookies<\/i> del navegador <b>Firefox<\/b> siga estos pasos (pueden variar en funci\u00f3n de la versi\u00f3n del navegador):<\/p>\n<ol>\n<li>Vaya a <i>Opciones<\/i> o <i>Preferencias<\/i> seg\u00fan su sistema operativo.<\/li>\n<li>Haga click en <i>Privacidad<\/i>.<\/li>\n<li>En <i>Historial<\/i> elija <i>Usar una configuraci\u00f3n personalizada para el historial<\/i>.<\/li>\n<li>Ahora ver\u00e1 la opci\u00f3n <i>Aceptar cookies<\/i>, puede activarla o desactivarla seg\u00fan sus preferencias.<\/li>\n<\/ol>\n<p>Para acceder a la configuraci\u00f3n de <i>cookies<\/i> del navegador <b>Safari para OSX<\/b> siga estos pasos (pueden variar en funci\u00f3n de la versi\u00f3n del navegador):<\/p>\n<ol>\n<li>Vaya a <i>Preferencias<\/i>, luego <i>Privacidad<\/i>.<\/li>\n<li>En este lugar ver\u00e1 la opci\u00f3n <i>Bloquear cookies<\/i> para que ajuste el tipo de bloqueo que desea realizar.<\/li>\n<\/ol>\n<p>Para acceder a la configuraci\u00f3n de <i>cookies<\/i> del navegador <b>Safari para iOS<\/b> siga estos pasos (pueden variar en funci\u00f3n de la versi\u00f3n del navegador):<\/p>\n<ol>\n<li>Vaya a <i>Ajustes<\/i>, luego <i>Safari<\/i>.<\/li>\n<li>Vaya a <i>Privacidad y Seguridad<\/i>, ver\u00e1 la opci\u00f3n <i>Bloquear cookies<\/i> para que ajuste el tipo de bloqueo que desea realizar.<\/li>\n<\/ol>\n<p>Para acceder a la configuraci\u00f3n de <i>cookies<\/i> del navegador para dispositivos <b>Android<\/b> siga estos pasos (pueden variar en funci\u00f3n de la versi\u00f3n del navegador):<\/p>\n<ol>\n<li>Ejecute el navegador y pulse la tecla <i>Men\u00fa<\/i>, luego <i>Ajustes<\/i>.<\/li>\n<li>Vaya a <i>Seguridad y Privacidad<\/i>, ver\u00e1 la opci\u00f3n <i>Aceptar cookies<\/i> para que active o desactive la casilla.<\/li>\n<\/ol>\n<p>Para acceder a la configuraci\u00f3n de <i>cookies<\/i> del navegador para dispositivos <b>Windows Phone<\/b> siga estos pasos (pueden variar en funci\u00f3n de la versi\u00f3n del navegador):<\/p>\n<ol>\n<li>Abra <i>Internet Explorer<\/i>, luego <i>M\u00e1s<\/i>, luego <i>Configuraci\u00f3n<\/i><\/li>\n<li>Ahora puede activar o desactivar la casilla <i>Permitir cookies<\/i>.<\/li>\n<\/ol>\n<h3><b>Notas adicionales<\/b><\/h3>\n<ul>\n<li>Ni esta web ni sus representantes legales se hacen responsables ni del contenido ni de la veracidad de las pol\u00edticas de privacidad que puedan tener los terceros mencionados en esta pol\u00edtica de <i>cookies<\/i>.<\/li>\n<li>Los navegadores web son las herramientas encargadas de almacenar las <i>cookies<\/i> y desde este lugar debe efectuar su derecho a eliminaci\u00f3n o desactivaci\u00f3n de las mismas. Ni esta web ni sus representantes legales pueden garantizar la correcta o incorrecta manipulaci\u00f3n de las <i>cookies<\/i> por parte de los mencionados navegadores.<\/li>\n<li>En algunos casos es necesario instalar <i>cookies<\/i> para que el navegador no olvide su decisi\u00f3n de no aceptaci\u00f3n de las mismas.<\/li>\n<li>En el caso de las <i>cookies<\/i> de Google Analytics, esta empresa almacena las <i>cookies<\/i> en servidores ubicados en Estados Unidos y se compromete a no compartirla con terceros, excepto en los casos en los que sea necesario para el funcionamiento del sistema o cuando la ley obligue a tal efecto. Seg\u00fan Google no guarda su direcci\u00f3n IP. Google Inc. es una compa\u00f1\u00eda adherida al Acuerdo de Puerto Seguro que garantiza que todos los datos transferidos ser\u00e1n tratados con un nivel de protecci\u00f3n acorde a la normativa europea. Puede consultar informaci\u00f3n detallada a este respecto <a title=\"U.S.-EU SAFE HARBOR LIST\" href=\"http:\/\/safeharbor.export.gov\/companyinfo.aspx?id=16626\" target=\"_blank\" rel=\"noopener noreferrer\">en este enlace<\/a>. Si desea informaci\u00f3n sobre el uso que Google da a las cookies <a title=\"Uso de las cookies de Google Analytics en los sitios web\" href=\"https:\/\/developers.google.com\/analytics\/devguides\/collection\/analyticsjs\/cookie-usage?hl=es&amp;csw=1\" target=\"_blank\" rel=\"noopener noreferrer\">le adjuntamos este otro enlace<\/a>.<\/li>\n<li>Para cualquier duda o consulta acerca de esta pol\u00edtica de <i>cookies<\/i> no dude en comunicarse con nosotros a trav\u00e9s de la secci\u00f3n de contacto.<\/li>\n<\/ul>\n<p>&nbsp;<\/p>\n","protected":false},"excerpt":{"rendered":"<p>Pol\u00edtica de cookies Una cookie es un peque\u00f1o fichero de texto que se almacena en su navegador cuando visita casi cualquier p\u00e1gina web. Su utilidad es que la web sea capaz de recordar su visita cuando vuelva a navegar por esa p\u00e1gina. Las cookies suelen almacenar informaci\u00f3n de car\u00e1cter t\u00e9cnico, preferencias personales, personalizaci\u00f3n de contenidos,&hellip;<\/p>\n","protected":false},"author":1,"featured_media":0,"parent":0,"menu_order":0,"comment_status":"closed","ping_status":"closed","template":"","meta":[],"yoast_head":"<!-- This site is optimized with the Yoast SEO plugin v22.6 - https:\/\/yoast.com\/wordpress\/plugins\/seo\/ -->\n<title>Pol\u00edtica de Cookies - Osatoki<\/title>\n<meta name=\"robots\" content=\"index, follow, max-snippet:-1, max-image-preview:large, max-video-preview:-1\" \/>\n<link rel=\"canonical\" href=\"https:\/\/www.osatoki.es\/politica-de-cookies\/\" \/>\n<meta property=\"og:locale\" content=\"eu_ES\" \/>\n<meta property=\"og:type\" content=\"article\" \/>\n<meta property=\"og:title\" content=\"Pol\u00edtica de Cookies - Osatoki\" \/>\n<meta property=\"og:description\" content=\"Pol\u00edtica de cookies Una cookie es un peque\u00f1o fichero de texto que se almacena en su navegador cuando visita casi cualquier p\u00e1gina web. Su utilidad es que la web sea capaz de recordar su visita cuando vuelva a navegar por esa p\u00e1gina. Las cookies suelen almacenar informaci\u00f3n de car\u00e1cter t\u00e9cnico, preferencias personales, personalizaci\u00f3n de contenidos,&hellip;\" \/>\n<meta property=\"og:url\" content=\"https:\/\/www.osatoki.es\/politica-de-cookies\/\" \/>\n<meta property=\"og:site_name\" content=\"Osatoki\" \/>\n<meta name=\"twitter:card\" content=\"summary_large_image\" \/>\n<meta name=\"twitter:label1\" content=\"Est. reading time\" \/>\n\t<meta name=\"twitter:data1\" content=\"8 minutes\" \/>\n<script type=\"application\/ld+json\" class=\"yoast-schema-graph\">{\"@context\":\"https:\/\/schema.org\",\"@graph\":[{\"@type\":\"WebPage\",\"@id\":\"https:\/\/www.osatoki.es\/politica-de-cookies\/\",\"url\":\"https:\/\/www.osatoki.es\/politica-de-cookies\/\",\"name\":\"Pol\u00edtica de Cookies - Osatoki\",\"isPartOf\":{\"@id\":\"https:\/\/www.osatoki.es\/#website\"},\"datePublished\":\"2019-05-25T14:53:26+00:00\",\"dateModified\":\"2019-05-25T14:53:26+00:00\",\"breadcrumb\":{\"@id\":\"https:\/\/www.osatoki.es\/politica-de-cookies\/#breadcrumb\"},\"inLanguage\":\"eu-ES\",\"potentialAction\":[{\"@type\":\"ReadAction\",\"target\":[\"https:\/\/www.osatoki.es\/politica-de-cookies\/\"]}]},{\"@type\":\"BreadcrumbList\",\"@id\":\"https:\/\/www.osatoki.es\/politica-de-cookies\/#breadcrumb\",\"itemListElement\":[{\"@type\":\"ListItem\",\"position\":1,\"name\":\"Portada\",\"item\":\"https:\/\/www.osatoki.es\/\"},{\"@type\":\"ListItem\",\"position\":2,\"name\":\"Pol\u00edtica de Cookies\"}]},{\"@type\":\"WebSite\",\"@id\":\"https:\/\/www.osatoki.es\/#website\",\"url\":\"https:\/\/www.osatoki.es\/\",\"name\":\"Osatoki\",\"description\":\"Trabajamos para educar en salud\",\"potentialAction\":[{\"@type\":\"SearchAction\",\"target\":{\"@type\":\"EntryPoint\",\"urlTemplate\":\"https:\/\/www.osatoki.es\/?s={search_term_string}\"},\"query-input\":\"required name=search_term_string\"}],\"inLanguage\":\"eu-ES\"}]}<\/script>\n<!-- \/ Yoast SEO plugin. -->","yoast_head_json":{"title":"Pol\u00edtica de Cookies - Osatoki","robots":{"index":"index","follow":"follow","max-snippet":"max-snippet:-1","max-image-preview":"max-image-preview:large","max-video-preview":"max-video-preview:-1"},"canonical":"https:\/\/www.osatoki.es\/politica-de-cookies\/","og_locale":"eu_ES","og_type":"article","og_title":"Pol\u00edtica de Cookies - Osatoki","og_description":"Pol\u00edtica de cookies Una cookie es un peque\u00f1o fichero de texto que se almacena en su navegador cuando visita casi cualquier p\u00e1gina web. Su utilidad es que la web sea capaz de recordar su visita cuando vuelva a navegar por esa p\u00e1gina. Las cookies suelen almacenar informaci\u00f3n de car\u00e1cter t\u00e9cnico, preferencias personales, personalizaci\u00f3n de contenidos,&hellip;","og_url":"https:\/\/www.osatoki.es\/politica-de-cookies\/","og_site_name":"Osatoki","twitter_card":"summary_large_image","twitter_misc":{"Est. reading time":"8 minutes"},"schema":{"@context":"https:\/\/schema.org","@graph":[{"@type":"WebPage","@id":"https:\/\/www.osatoki.es\/politica-de-cookies\/","url":"https:\/\/www.osatoki.es\/politica-de-cookies\/","name":"Pol\u00edtica de Cookies - Osatoki","isPartOf":{"@id":"https:\/\/www.osatoki.es\/#website"},"datePublished":"2019-05-25T14:53:26+00:00","dateModified":"2019-05-25T14:53:26+00:00","breadcrumb":{"@id":"https:\/\/www.osatoki.es\/politica-de-cookies\/#breadcrumb"},"inLanguage":"eu-ES","potentialAction":[{"@type":"ReadAction","target":["https:\/\/www.osatoki.es\/politica-de-cookies\/"]}]},{"@type":"BreadcrumbList","@id":"https:\/\/www.osatoki.es\/politica-de-cookies\/#breadcrumb","itemListElement":[{"@type":"ListItem","position":1,"name":"Portada","item":"https:\/\/www.osatoki.es\/"},{"@type":"ListItem","position":2,"name":"Pol\u00edtica de Cookies"}]},{"@type":"WebSite","@id":"https:\/\/www.osatoki.es\/#website","url":"https:\/\/www.osatoki.es\/","name":"Osatoki","description":"Trabajamos para educar en salud","potentialAction":[{"@type":"SearchAction","target":{"@type":"EntryPoint","urlTemplate":"https:\/\/www.osatoki.es\/?s={search_term_string}"},"query-input":"required name=search_term_string"}],"inLanguage":"eu-ES"}]}},"_links":{"self":[{"href":"https:\/\/www.osatoki.es\/eu\/wp-json\/wp\/v2\/pages\/371"}],"collection":[{"href":"https:\/\/www.osatoki.es\/eu\/wp-json\/wp\/v2\/pages"}],"about":[{"href":"https:\/\/www.osatoki.es\/eu\/wp-json\/wp\/v2\/types\/page"}],"author":[{"embeddable":true,"href":"https:\/\/www.osatoki.es\/eu\/wp-json\/wp\/v2\/users\/1"}],"replies":[{"embeddable":true,"href":"https:\/\/www.osatoki.es\/eu\/wp-json\/wp\/v2\/comments?post=371"}],"version-history":[{"count":1,"href":"https:\/\/www.osatoki.es\/eu\/wp-json\/wp\/v2\/pages\/371\/revisions"}],"predecessor-version":[{"id":372,"href":"https:\/\/www.osatoki.es\/eu\/wp-json\/wp\/v2\/pages\/371\/revisions\/372"}],"wp:attachment":[{"href":"https:\/\/www.osatoki.es\/eu\/wp-json\/wp\/v2\/media?parent=371"}],"curies":[{"name":"wp","href":"https:\/\/api.w.org\/{rel}","templated":true}]}}