{"id":315,"date":"2019-05-23T17:17:42","date_gmt":"2019-05-23T15:17:42","guid":{"rendered":"https:\/\/www.osatoki.es\/?page_id=315"},"modified":"2019-10-06T19:36:52","modified_gmt":"2019-10-06T17:36:52","slug":"adultos","status":"publish","type":"page","link":"https:\/\/www.osatoki.es\/eu\/adultos\/","title":{"rendered":"Talleres Adultos"},"content":{"rendered":"<div class=\"wpb-content-wrapper\"><p>[vc_row full_width=&#8221;stretch_row&#8221; css=&#8221;.vc_custom_1568290293234{margin-top: -50px !important;border-top-width: 8px !important;padding-top: 70px !important;padding-bottom: 70px !important;background-image: url(https:\/\/www.osatoki.es\/wp-content\/uploads\/2019\/09\/talleres-poblacion-adulta-cabecera.jpg?id=508) !important;background-position: center !important;background-repeat: no-repeat !important;background-size: cover !important;border-top-color: #f5832b !important;border-top-style: solid !important;}&#8221;][vc_column width=&#8221;1\/2&#8243;][vc_column_text]<\/p>\n<h1>Talleres, Charlas, Conferencias<br \/>\nAdultos<\/h1>\n<p>[\/vc_column_text][\/vc_column][vc_column width=&#8221;1\/2&#8243;][\/vc_column][\/vc_row][vc_row][vc_column width=&#8221;1\/6&#8243;][\/vc_column][vc_column width=&#8221;2\/3&#8243;][vc_empty_space height=&#8221;50px&#8221;][vc_column_text]Desarrollamos talleres espec\u00edficos, impartimos charlas, ofrecemos asesoramiento nutricional y psicol\u00f3gico para adultos, creamos materiales de promoci\u00f3n en salud y, adem\u00e1s, elaboramos programas concretos adaptados al cliente.[\/vc_column_text][vc_empty_space height=&#8221;50px&#8221;][\/vc_column][vc_column width=&#8221;1\/6&#8243;][\/vc_column][\/vc_row][vc_row full_width=&#8221;stretch_row&#8221; gap=&#8221;30&#8243; equal_height=&#8221;yes&#8221;][vc_column][vc_row_inner][vc_column_inner width=&#8221;1\/4&#8243;][vc_raw_html]JTNDYSUyMGNsYXNzJTNEJTIyaWNvbm9zLXRhbGxlcmVzLWVubGFjZSUyMiUyMGhyZWYlM0QlMjIlMjNjaGFybGFzLW51dHJpY2lvbiUyMiUzRSUzQ2RpdiUyMGNsYXNzJTNEJTIyaWNvbm9zLXRhbGxlcmVzLWNvbnRlbmRvciUyMiUzRSUzQ2ltZyUyMHNyYyUzRCUyMiUyRndwLWNvbnRlbnQlMkZ1cGxvYWRzJTJGMjAxOSUyRjA5JTJGY2hhcmxhcy1udXRyaWNpYW4taWNvbi5wbmclMjIlMjAlMkYlM0UlMEElM0NoNCUzRUNoYXJsYXMlMjBkZSUzQ2JyJTNFJTBBbnV0cmljaSVDMyVCM24lM0MlMkZoNCUzRSUwQSUzQyUyRmRpdiUzRSUzQyUyRmElM0UlMEE=[\/vc_raw_html][vc_empty_space height=&#8221;20px&#8221;][\/vc_column_inner][vc_column_inner width=&#8221;1\/4&#8243;][vc_raw_html]JTNDYSUyMGNsYXNzJTNEJTIyaWNvbm9zLXRhbGxlcmVzLWVubGFjZSUyMiUyMGhyZWYlM0QlMjIlMjNjb250cm9sLWVzdHJlcyUyMiUzRSUzQ2RpdiUyMGNsYXNzJTNEJTIyaWNvbm9zLXRhbGxlcmVzLWNvbnRlbmRvciUyMiUzRSUzQ2ltZyUyMHNyYyUzRCUyMiUyRndwLWNvbnRlbnQlMkZ1cGxvYWRzJTJGMjAxOSUyRjA5JTJGZ2VzdGlvbi1lc3RyZXMtaWNvbi5wbmclMjIlMjAlMkYlM0UlMEElM0NoNCUzRVRhbGxlciUyMGRlJTIwY29udHJvbCUzQ2JyJTNFJTBBZGUlMjBlc3RyJUMzJUE5cyUzQyUyRmg0JTNFJTBBJTNDJTJGZGl2JTNFJTNDJTJGYSUzRSUwQQ==[\/vc_raw_html][vc_empty_space height=&#8221;20px&#8221;][\/vc_column_inner][vc_column_inner width=&#8221;1\/4&#8243;][vc_raw_html]JTNDYSUyMGNsYXNzJTNEJTIyaWNvbm9zLXRhbGxlcmVzLWVubGFjZSUyMiUyMGhyZWYlM0QlMjIlMjN0YWxsZXItbWluZGZ1bG5lc3MlMjIlM0UlM0NkaXYlMjBjbGFzcyUzRCUyMmljb25vcy10YWxsZXJlcy1jb250ZW5kb3IlMjIlM0UlM0NpbWclMjBzcmMlM0QlMjIlMkZ3cC1jb250ZW50JTJGdXBsb2FkcyUyRjIwMTklMkYwOSUyRm1pbmR1bG5lc3MtaWNvbi5wbmclMjIlMjAlMkYlM0UlMEElM0NoNCUzRVRhbGxlciUyMGRlJTNDYnIlM0UlMjAlMEFNaW5kZnVsbmVzcyUzQyUyRmg0JTNFJTBBJTNDJTJGZGl2JTNFJTNDJTJGYSUzRSUwQQ==[\/vc_raw_html][vc_empty_space height=&#8221;20px&#8221;][\/vc_column_inner][vc_column_inner width=&#8221;1\/4&#8243;][vc_raw_html]JTNDYSUyMGNsYXNzJTNEJTIyaWNvbm9zLXRhbGxlcmVzLWVubGFjZSUyMiUyMGhyZWYlM0QlMjIlMjN0YWxsZXItY29ycmVjY2lvbi1wb3N0dXJhbCUyMiUzRSUzQ2RpdiUyMGNsYXNzJTNEJTIyaWNvbm9zLXRhbGxlcmVzLWNvbnRlbmRvciUyMiUzRSUzQ2ltZyUyMHNyYyUzRCUyMiUyRndwLWNvbnRlbnQlMkZ1cGxvYWRzJTJGMjAxOSUyRjA5JTJGY29ycmVjY2lvbi1wb3N0dXJhbC1pY29uLnBuZyUyMiUyMCUyRiUzRSUwQSUzQ2g0JTNFVGFsbGVyJTIwZGUlMjAlM0NiciUzRWNvcnJlY2NpJUMzJUIzbiUyMHBvc3R1cmFsJTNDJTJGaDQlM0UlMEElM0MlMkZkaXYlM0UlM0MlMkZhJTNFJTBB[\/vc_raw_html][vc_empty_space height=&#8221;20px&#8221;][\/vc_column_inner][\/vc_row_inner][vc_empty_space height=&#8221;30px&#8221; el_id=&#8221;charlas-nutricion&#8221;][\/vc_column][\/vc_row][vc_row full_width=&#8221;stretch_row&#8221; gap=&#8221;30&#8243; equal_height=&#8221;yes&#8221; css=&#8221;.vc_custom_1568643988442{background-color: #f2f2f2 !important;}&#8221;][vc_column][vc_empty_space height=&#8221;50px&#8221;][vc_column_text]<\/p>\n<h2>Charlas de nutrici\u00f3n<\/h2>\n<p>[\/vc_column_text][vc_row_inner equal_height=&#8221;yes&#8221; content_placement=&#8221;middle&#8221; gap=&#8221;20&#8243;][vc_column_inner width=&#8221;1\/2&#8243;][vc_empty_space height=&#8221;30px&#8221;][vc_single_image image=&#8221;604&#8243; img_size=&#8221;full&#8221;][vc_empty_space height=&#8221;30px&#8221;][\/vc_column_inner][vc_column_inner width=&#8221;1\/2&#8243;][vc_empty_space height=&#8221;30px&#8221;][vc_column_text]La alimentaci\u00f3n es uno de los h\u00e1bitos que m\u00e1s determinan nuestra calidad de vida. En una \u00e9poca en la que estamos constantemente recibiendo informaci\u00f3n sobre alimentaci\u00f3n y tipos de dietas es esencial estar bien informados, para poder decidir cr\u00edticamente aquello que m\u00e1s nos conviene.<\/p>\n<p><strong>Las charlas que ofrecemos desde Osatoki tienen como fin informar a la poblaci\u00f3n desde el rigor cient\u00edfico lo que, a d\u00eda de hoy, sabemos sobre alimentaci\u00f3n.<\/strong><\/p>\n<p>Queremos divulgar, compartir y aunar experiencias para fomentar estilos de vida saludables. Para ello\u00a0ahondamos sobre<strong> problemas de salud tan importantes como la diabetes, la hipertensi\u00f3n, la celiaqu\u00eda<\/strong> o los <strong>d\u00e9ficits nutricionales en dietas veganas.<\/strong><\/p>\n<p>Creemos que la informaci\u00f3n es poder, y que con informaci\u00f3n las personas pueden tomar mejores decisiones en su vida. Para saber m\u00e1s sobre las charlas y para conocer los lugares donde las impartimos contacta con nosotros.[\/vc_column_text][vc_empty_space height=&#8221;30px&#8221;][vc_btn title=&#8221;CONTACTA CON NOSOTROS&#8221; style=&#8221;custom&#8221; custom_background=&#8221;#f5822b&#8221; custom_text=&#8221;#ffffff&#8221; shape=&#8221;square&#8221; link=&#8221;url:%2Fcontacto%2F|title:Contacto||&#8221;][\/vc_column_inner][\/vc_row_inner][vc_empty_space height=&#8221;40px&#8221; el_id=&#8221;control-estres&#8221;][\/vc_column][\/vc_row][vc_row full_width=&#8221;stretch_row&#8221; gap=&#8221;30&#8243; equal_height=&#8221;yes&#8221; disable_element=&#8221;yes&#8221;][vc_column][vc_empty_space height=&#8221;50px&#8221;][vc_column_text]<\/p>\n<h2>\u00a0Taller de control de estr\u00e9s<\/h2>\n<p>[\/vc_column_text][vc_row_inner equal_height=&#8221;yes&#8221; content_placement=&#8221;middle&#8221; gap=&#8221;20&#8243;][vc_column_inner width=&#8221;1\/2&#8243;][vc_empty_space height=&#8221;30px&#8221;][vc_column_text]Lorem ipsum dolor sit amet, consectetur adipiscing elit. Praesent viverra lacus ac neque consectetur, quis ullamcorper augue tincidunt. Aenean lobortis mattis lacus, et aliquet est commodo in. Vestibulum semper odio volutpat eleifend venenatis. Ut sed auctor erat. Quisque quis egestas purus. Sed vitae convallis nibh, id vulputate neque.<\/p>\n<p>Lorem ipsum dolor sit amet, consectetur adipiscing elit. Praesent viverra lacus ac neque consectetur, quis ullamcorper augue tincidunt.<\/p>\n<p>Aenean lobortis mattis lacus, et aliquet est commodo in. Vestibulum semper odio volutpat eleifend venenatis. Ut sed auctor erat. Quisque quis egestas purus. Sed vitae convallis nibh, id vulputate neque.[\/vc_column_text][vc_empty_space height=&#8221;30px&#8221;][vc_btn title=&#8221;CONTACTA CON NOSOTROS&#8221; style=&#8221;custom&#8221; custom_background=&#8221;#f5822b&#8221; custom_text=&#8221;#ffffff&#8221; shape=&#8221;square&#8221; link=&#8221;url:%2Fcontacto%2F|title:Contacto||&#8221;][\/vc_column_inner][vc_column_inner width=&#8221;1\/2&#8243;][vc_empty_space height=&#8221;30px&#8221;][vc_single_image img_size=&#8221;full&#8221;][vc_empty_space height=&#8221;30px&#8221;][\/vc_column_inner][\/vc_row_inner][vc_empty_space height=&#8221;40px&#8221; el_id=&#8221;taller-mindfulness&#8221;][\/vc_column][\/vc_row][vc_row full_width=&#8221;stretch_row&#8221; gap=&#8221;30&#8243; equal_height=&#8221;yes&#8221; disable_element=&#8221;yes&#8221; css=&#8221;.vc_custom_1569251261610{background-color: #f2f2f2 !important;}&#8221;][vc_column][vc_empty_space height=&#8221;50px&#8221;][vc_column_text]<\/p>\n<h2>Taller de Mindfulness<\/h2>\n<p>[\/vc_column_text][vc_row_inner equal_height=&#8221;yes&#8221; content_placement=&#8221;middle&#8221; gap=&#8221;20&#8243;][vc_column_inner width=&#8221;1\/2&#8243;][vc_empty_space height=&#8221;30px&#8221;][vc_single_image img_size=&#8221;full&#8221;][vc_empty_space height=&#8221;30px&#8221;][\/vc_column_inner][vc_column_inner width=&#8221;1\/2&#8243;][vc_empty_space height=&#8221;30px&#8221;][vc_column_text]Lorem ipsum dolor sit amet, consectetur adipiscing elit. Praesent viverra lacus ac neque consectetur, quis ullamcorper augue tincidunt. Aenean lobortis mattis lacus, et aliquet est commodo in. Vestibulum semper odio volutpat eleifend venenatis. Ut sed auctor erat. Quisque quis egestas purus. Sed vitae convallis nibh, id vulputate neque.<\/p>\n<p>Lorem ipsum dolor sit amet, consectetur adipiscing elit. Praesent viverra lacus ac neque consectetur, quis ullamcorper augue tincidunt.<\/p>\n<p>Aenean lobortis mattis lacus, et aliquet est commodo in. Vestibulum semper odio volutpat eleifend venenatis. Ut sed auctor erat. Quisque quis egestas purus. Sed vitae convallis nibh, id vulputate neque.[\/vc_column_text][vc_empty_space height=&#8221;30px&#8221;][vc_btn title=&#8221;CONTACTA CON NOSOTROS&#8221; style=&#8221;custom&#8221; custom_background=&#8221;#f5822b&#8221; custom_text=&#8221;#ffffff&#8221; shape=&#8221;square&#8221; link=&#8221;url:%2Fcontacto%2F|title:Contacto||&#8221;][\/vc_column_inner][\/vc_row_inner][vc_empty_space height=&#8221;40px&#8221; el_id=&#8221;taller-correccion-postural&#8221;][\/vc_column][\/vc_row][vc_row full_width=&#8221;stretch_row&#8221; gap=&#8221;30&#8243; equal_height=&#8221;yes&#8221; disable_element=&#8221;yes&#8221; css=&#8221;.vc_custom_1569251250084{margin-bottom: -50px !important;}&#8221;][vc_column][vc_empty_space height=&#8221;50px&#8221; el_id=&#8221;taller-correccion-postural&#8221;][vc_column_text]<\/p>\n<h2>Taller de correcci\u00f3n postural<\/h2>\n<p>[\/vc_column_text][vc_row_inner equal_height=&#8221;yes&#8221; content_placement=&#8221;middle&#8221; gap=&#8221;20&#8243;][vc_column_inner width=&#8221;1\/2&#8243;][vc_empty_space height=&#8221;30px&#8221;][vc_column_text]Lorem ipsum dolor sit amet, consectetur adipiscing elit. Praesent viverra lacus ac neque consectetur, quis ullamcorper augue tincidunt. Aenean lobortis mattis lacus, et aliquet est commodo in. Vestibulum semper odio volutpat eleifend venenatis. Ut sed auctor erat. Quisque quis egestas purus. Sed vitae convallis nibh, id vulputate neque.<\/p>\n<p>Lorem ipsum dolor sit amet, consectetur adipiscing elit. Praesent viverra lacus ac neque consectetur, quis ullamcorper augue tincidunt.<\/p>\n<p>Aenean lobortis mattis lacus, et aliquet est commodo in. Vestibulum semper odio volutpat eleifend venenatis. Ut sed auctor erat. Quisque quis egestas purus. Sed vitae convallis nibh, id vulputate neque.[\/vc_column_text][vc_empty_space height=&#8221;30px&#8221;][vc_btn title=&#8221;CONTACTA CON NOSOTROS&#8221; style=&#8221;custom&#8221; custom_background=&#8221;#f5822b&#8221; custom_text=&#8221;#ffffff&#8221; shape=&#8221;square&#8221; link=&#8221;url:%2Fcontacto%2F|title:Contacto||&#8221;][\/vc_column_inner][vc_column_inner width=&#8221;1\/2&#8243;][vc_empty_space height=&#8221;30px&#8221;][vc_single_image img_size=&#8221;full&#8221;][vc_empty_space height=&#8221;30px&#8221;][\/vc_column_inner][\/vc_row_inner][vc_empty_space height=&#8221;40px&#8221;][\/vc_column][\/vc_row]<\/p>\n<\/div>","protected":false},"excerpt":{"rendered":"<p>[vc_row full_width=&#8221;stretch_row&#8221; css=&#8221;.vc_custom_1568290293234{margin-top: -50px !important;border-top-width: 8px !important;padding-top: 70px !important;padding-bottom: 70px !important;background-image: url(https:\/\/www.osatoki.es\/wp-content\/uploads\/2019\/09\/talleres-poblacion-adulta-cabecera.jpg?id=508) !important;background-position: center !important;background-repeat: no-repeat !important;background-size: cover !important;border-top-color: #f5832b !important;border-top-style: solid !important;}&#8221;][vc_column width=&#8221;1\/2&#8243;][vc_column_text] Talleres, Charlas, Conferencias Adultos [\/vc_column_text][\/vc_column][vc_column width=&#8221;1\/2&#8243;][\/vc_column][\/vc_row][vc_row][vc_column width=&#8221;1\/6&#8243;][\/vc_column][vc_column width=&#8221;2\/3&#8243;][vc_empty_space height=&#8221;50px&#8221;][vc_column_text]Desarrollamos talleres espec\u00edficos, impartimos charlas, ofrecemos asesoramiento nutricional y psicol\u00f3gico para adultos, creamos materiales de promoci\u00f3n en salud y, adem\u00e1s, elaboramos programas concretos&hellip;<\/p>\n","protected":false},"author":1,"featured_media":0,"parent":0,"menu_order":0,"comment_status":"closed","ping_status":"closed","template":"","meta":[],"yoast_head":"<!-- This site is optimized with the Yoast SEO plugin v22.6 - https:\/\/yoast.com\/wordpress\/plugins\/seo\/ -->\n<title>Talleres Adultos - Osatoki<\/title>\n<meta name=\"robots\" content=\"index, follow, max-snippet:-1, max-image-preview:large, max-video-preview:-1\" \/>\n<link rel=\"canonical\" href=\"https:\/\/www.osatoki.es\/adultos\/\" \/>\n<meta property=\"og:locale\" content=\"eu_ES\" \/>\n<meta property=\"og:type\" content=\"article\" \/>\n<meta property=\"og:title\" content=\"Talleres Adultos - Osatoki\" \/>\n<meta property=\"og:description\" content=\"[vc_row full_width=&#8221;stretch_row&#8221; css=&#8221;.vc_custom_1568290293234{margin-top: -50px !important;border-top-width: 8px !important;padding-top: 70px !important;padding-bottom: 70px !important;background-image: url(https:\/\/www.osatoki.es\/wp-content\/uploads\/2019\/09\/talleres-poblacion-adulta-cabecera.jpg?id=508) !important;background-position: center !important;background-repeat: no-repeat !important;background-size: cover !important;border-top-color: #f5832b !important;border-top-style: solid !important;}&#8221;][vc_column width=&#8221;1\/2&#8243;][vc_column_text] Talleres, Charlas, Conferencias Adultos [\/vc_column_text][\/vc_column][vc_column width=&#8221;1\/2&#8243;][\/vc_column][\/vc_row][vc_row][vc_column width=&#8221;1\/6&#8243;][\/vc_column][vc_column width=&#8221;2\/3&#8243;][vc_empty_space height=&#8221;50px&#8221;][vc_column_text]Desarrollamos talleres espec\u00edficos, impartimos charlas, ofrecemos asesoramiento nutricional y psicol\u00f3gico para adultos, creamos materiales de promoci\u00f3n en salud y, adem\u00e1s, elaboramos programas concretos&hellip;\" \/>\n<meta property=\"og:url\" content=\"https:\/\/www.osatoki.es\/adultos\/\" \/>\n<meta property=\"og:site_name\" content=\"Osatoki\" \/>\n<meta property=\"article:modified_time\" content=\"2019-10-06T17:36:52+00:00\" \/>\n<meta name=\"twitter:card\" content=\"summary_large_image\" \/>\n<meta name=\"twitter:label1\" content=\"Est. reading time\" \/>\n\t<meta name=\"twitter:data1\" content=\"7 minutes\" \/>\n<script type=\"application\/ld+json\" class=\"yoast-schema-graph\">{\"@context\":\"https:\/\/schema.org\",\"@graph\":[{\"@type\":\"WebPage\",\"@id\":\"https:\/\/www.osatoki.es\/adultos\/\",\"url\":\"https:\/\/www.osatoki.es\/adultos\/\",\"name\":\"Talleres Adultos - Osatoki\",\"isPartOf\":{\"@id\":\"https:\/\/www.osatoki.es\/#website\"},\"datePublished\":\"2019-05-23T15:17:42+00:00\",\"dateModified\":\"2019-10-06T17:36:52+00:00\",\"breadcrumb\":{\"@id\":\"https:\/\/www.osatoki.es\/adultos\/#breadcrumb\"},\"inLanguage\":\"eu-ES\",\"potentialAction\":[{\"@type\":\"ReadAction\",\"target\":[\"https:\/\/www.osatoki.es\/adultos\/\"]}]},{\"@type\":\"BreadcrumbList\",\"@id\":\"https:\/\/www.osatoki.es\/adultos\/#breadcrumb\",\"itemListElement\":[{\"@type\":\"ListItem\",\"position\":1,\"name\":\"Portada\",\"item\":\"https:\/\/www.osatoki.es\/\"},{\"@type\":\"ListItem\",\"position\":2,\"name\":\"Talleres Adultos\"}]},{\"@type\":\"WebSite\",\"@id\":\"https:\/\/www.osatoki.es\/#website\",\"url\":\"https:\/\/www.osatoki.es\/\",\"name\":\"Osatoki\",\"description\":\"Trabajamos para educar en salud\",\"potentialAction\":[{\"@type\":\"SearchAction\",\"target\":{\"@type\":\"EntryPoint\",\"urlTemplate\":\"https:\/\/www.osatoki.es\/?s={search_term_string}\"},\"query-input\":\"required name=search_term_string\"}],\"inLanguage\":\"eu-ES\"}]}<\/script>\n<!-- \/ Yoast SEO plugin. -->","yoast_head_json":{"title":"Talleres Adultos - Osatoki","robots":{"index":"index","follow":"follow","max-snippet":"max-snippet:-1","max-image-preview":"max-image-preview:large","max-video-preview":"max-video-preview:-1"},"canonical":"https:\/\/www.osatoki.es\/adultos\/","og_locale":"eu_ES","og_type":"article","og_title":"Talleres Adultos - Osatoki","og_description":"[vc_row full_width=&#8221;stretch_row&#8221; css=&#8221;.vc_custom_1568290293234{margin-top: -50px !important;border-top-width: 8px !important;padding-top: 70px !important;padding-bottom: 70px !important;background-image: url(https:\/\/www.osatoki.es\/wp-content\/uploads\/2019\/09\/talleres-poblacion-adulta-cabecera.jpg?id=508) !important;background-position: center !important;background-repeat: no-repeat !important;background-size: cover !important;border-top-color: #f5832b !important;border-top-style: solid !important;}&#8221;][vc_column width=&#8221;1\/2&#8243;][vc_column_text] Talleres, Charlas, Conferencias Adultos [\/vc_column_text][\/vc_column][vc_column width=&#8221;1\/2&#8243;][\/vc_column][\/vc_row][vc_row][vc_column width=&#8221;1\/6&#8243;][\/vc_column][vc_column width=&#8221;2\/3&#8243;][vc_empty_space height=&#8221;50px&#8221;][vc_column_text]Desarrollamos talleres espec\u00edficos, impartimos charlas, ofrecemos asesoramiento nutricional y psicol\u00f3gico para adultos, creamos materiales de promoci\u00f3n en salud y, adem\u00e1s, elaboramos programas concretos&hellip;","og_url":"https:\/\/www.osatoki.es\/adultos\/","og_site_name":"Osatoki","article_modified_time":"2019-10-06T17:36:52+00:00","twitter_card":"summary_large_image","twitter_misc":{"Est. reading time":"7 minutes"},"schema":{"@context":"https:\/\/schema.org","@graph":[{"@type":"WebPage","@id":"https:\/\/www.osatoki.es\/adultos\/","url":"https:\/\/www.osatoki.es\/adultos\/","name":"Talleres Adultos - Osatoki","isPartOf":{"@id":"https:\/\/www.osatoki.es\/#website"},"datePublished":"2019-05-23T15:17:42+00:00","dateModified":"2019-10-06T17:36:52+00:00","breadcrumb":{"@id":"https:\/\/www.osatoki.es\/adultos\/#breadcrumb"},"inLanguage":"eu-ES","potentialAction":[{"@type":"ReadAction","target":["https:\/\/www.osatoki.es\/adultos\/"]}]},{"@type":"BreadcrumbList","@id":"https:\/\/www.osatoki.es\/adultos\/#breadcrumb","itemListElement":[{"@type":"ListItem","position":1,"name":"Portada","item":"https:\/\/www.osatoki.es\/"},{"@type":"ListItem","position":2,"name":"Talleres Adultos"}]},{"@type":"WebSite","@id":"https:\/\/www.osatoki.es\/#website","url":"https:\/\/www.osatoki.es\/","name":"Osatoki","description":"Trabajamos para educar en salud","potentialAction":[{"@type":"SearchAction","target":{"@type":"EntryPoint","urlTemplate":"https:\/\/www.osatoki.es\/?s={search_term_string}"},"query-input":"required name=search_term_string"}],"inLanguage":"eu-ES"}]}},"_links":{"self":[{"href":"https:\/\/www.osatoki.es\/eu\/wp-json\/wp\/v2\/pages\/315"}],"collection":[{"href":"https:\/\/www.osatoki.es\/eu\/wp-json\/wp\/v2\/pages"}],"about":[{"href":"https:\/\/www.osatoki.es\/eu\/wp-json\/wp\/v2\/types\/page"}],"author":[{"embeddable":true,"href":"https:\/\/www.osatoki.es\/eu\/wp-json\/wp\/v2\/users\/1"}],"replies":[{"embeddable":true,"href":"https:\/\/www.osatoki.es\/eu\/wp-json\/wp\/v2\/comments?post=315"}],"version-history":[{"count":35,"href":"https:\/\/www.osatoki.es\/eu\/wp-json\/wp\/v2\/pages\/315\/revisions"}],"predecessor-version":[{"id":607,"href":"https:\/\/www.osatoki.es\/eu\/wp-json\/wp\/v2\/pages\/315\/revisions\/607"}],"wp:attachment":[{"href":"https:\/\/www.osatoki.es\/eu\/wp-json\/wp\/v2\/media?parent=315"}],"curies":[{"name":"wp","href":"https:\/\/api.w.org\/{rel}","templated":true}]}}